{"id":945,"date":"2023-07-17T09:14:20","date_gmt":"2023-07-17T09:14:20","guid":{"rendered":"https:\/\/westwalesriverstrust.org\/ein-gweledigaeth\/"},"modified":"2023-08-23T15:20:36","modified_gmt":"2023-08-23T15:20:36","slug":"ein-gweledigaeth","status":"publish","type":"page","link":"https:\/\/westwalesriverstrust.org\/cy\/ein-gweledigaeth\/","title":{"rendered":"Ein Gweledigaeth"},"content":{"rendered":"<p>[et_pb_section fb_built=&#8221;1&#8243; admin_label=&#8221;section&#8221; _builder_version=&#8221;4.16&#8243; custom_padding=&#8221;0px||0px|||&#8221; global_colors_info=&#8221;{}&#8221; theme_builder_area=&#8221;post_content&#8221;][et_pb_row admin_label=&#8221;row&#8221; _builder_version=&#8221;4.21.0&#8243; background_size=&#8221;initial&#8221; background_position=&#8221;top_left&#8221; background_repeat=&#8221;repeat&#8221; width=&#8221;100%&#8221; custom_margin=&#8221;|auto|-13px|auto||&#8221; global_colors_info=&#8221;{}&#8221; theme_builder_area=&#8221;post_content&#8221;][et_pb_column type=&#8221;4_4&#8243; _builder_version=&#8221;4.16&#8243; custom_padding=&#8221;|||&#8221; global_colors_info=&#8221;{}&#8221; custom_padding__hover=&#8221;|||&#8221; theme_builder_area=&#8221;post_content&#8221;][et_pb_text admin_label=&#8221;Text&#8221; _builder_version=&#8221;4.21.0&#8243; background_size=&#8221;initial&#8221; background_position=&#8221;top_left&#8221; background_repeat=&#8221;repeat&#8221; global_colors_info=&#8221;{}&#8221; theme_builder_area=&#8221;post_content&#8221;]<\/p>\n<p>Ein gweledigaeth yw tirwedd fyw well, lle mae cymunedau yn gwerthfawrogi eu hafonydd lleol a lle mae defnydd tir cynhyrchiol ac afonydd gl\u00e2n gyda phoblogaethau bywyd gwyllt llewyrchus yn bodoli mewn cytgord o fewn dalgylchoedd sy&#8217;n gallu gwrthsefyll hinsawdd sy&#8217;n newid, fel y gall afonydd barhau i ddarparu buddion i bobl a bywyd gwyllt.<\/p>\n<p>Bydd YAGC yn gweithio tuag at gyflawni hyn drwy wlychu\u2019n traed a thorchi\u2019n llewys a chymryd camau lleol, wedi&#8217;u targedu, i gael effaith wirioneddol gadarnhaol. Gwneir hyn trwy   ddefnyddio\u2019r arfer gorau a datblygiadau mewn gwyddoniaeth, yn ogystal \u00e2 thrwy weithio gyda&#8217;n corff ambar\u00e9l Afonydd Cymru i ddylanwadu ar newidiadau polisi er budd ein hafonydd a&#8217;n dalgylchoedd ehangach.<\/p>\n<p>Yn anffodus, dim ond t\u00eem bach ydyn ni ac ni allwn wneud hyn ar ein pennau ein hunain. Er mwyn cyflawni amgylcheddau d\u0175r cynaliadwy, mae arnom angen rheolydd effeithlon a chwmn\u00efau a rheolwyr tir sy&#8217;n atebol am leihau eu heffeithiau ar ein hafonydd. Rydym hefyd yn dibynnu ar ein rhwydwaith cynyddol o wirfoddolwyr sy&#8217;n gweithredu fel ein llygaid a&#8217;n clustiau ar lawr gwlad, fel gwarcheidwaid eu hafonydd lleol.<\/p>\n<p>[\/et_pb_text][\/et_pb_column][\/et_pb_row][et_pb_row column_structure=&#8221;1_3,1_3,1_3&#8243; use_custom_gutter=&#8221;on&#8221; gutter_width=&#8221;2&#8243; _builder_version=&#8221;4.21.0&#8243; _module_preset=&#8221;default&#8221; width=&#8221;100%&#8221; global_colors_info=&#8221;{}&#8221; theme_builder_area=&#8221;post_content&#8221;][et_pb_column type=&#8221;1_3&#8243; _builder_version=&#8221;4.21.0&#8243; _module_preset=&#8221;default&#8221; global_colors_info=&#8221;{}&#8221; theme_builder_area=&#8221;post_content&#8221;][et_pb_image src=&#8221;https:\/\/westwalesriverstrust.org\/wp-content\/uploads\/2023\/07\/E4FFYM-scaled.jpg&#8221; title_text=&#8221;River Cothi near Cothi Bridge, Carmarthenshire, west Wales, UK&#8221; align=&#8221;center&#8221; _builder_version=&#8221;4.21.0&#8243; _module_preset=&#8221;default&#8221; width=&#8221;100%&#8221; global_colors_info=&#8221;{}&#8221; theme_builder_area=&#8221;post_content&#8221;][\/et_pb_image][\/et_pb_column][et_pb_column type=&#8221;1_3&#8243; _builder_version=&#8221;4.21.0&#8243; _module_preset=&#8221;default&#8221; global_colors_info=&#8221;{}&#8221; theme_builder_area=&#8221;post_content&#8221;][et_pb_image src=&#8221;https:\/\/westwalesriverstrust.org\/wp-content\/uploads\/2023\/07\/C0YRBP-scaled.jpg&#8221; title_text=&#8221;Bridge over the River Nyfer, Nevern, Pembrokeshire, Wales, UK&#8221; _builder_version=&#8221;4.21.0&#8243; _module_preset=&#8221;default&#8221; width=&#8221;104%&#8221; hover_enabled=&#8221;0&#8243; global_colors_info=&#8221;{}&#8221; theme_builder_area=&#8221;post_content&#8221; disabled_on=&#8221;on|on|off&#8221; sticky_enabled=&#8221;0&#8243;][\/et_pb_image][\/et_pb_column][et_pb_column type=&#8221;1_3&#8243; _builder_version=&#8221;4.21.0&#8243; _module_preset=&#8221;default&#8221; global_colors_info=&#8221;{}&#8221; theme_builder_area=&#8221;post_content&#8221;][et_pb_image src=&#8221;https:\/\/westwalesriverstrust.org\/wp-content\/uploads\/2023\/07\/IMG_20230713_115055-scaled.jpg&#8221; title_text=&#8221;IMG_20230713_115055&#8243; _builder_version=&#8221;4.21.0&#8243; _module_preset=&#8221;default&#8221; width=&#8221;89%&#8221; module_alignment=&#8221;center&#8221; hover_enabled=&#8221;0&#8243; global_colors_info=&#8221;{}&#8221; theme_builder_area=&#8221;post_content&#8221; disabled_on=&#8221;on|on|off&#8221; sticky_enabled=&#8221;0&#8243;][\/et_pb_image][\/et_pb_column][\/et_pb_row][\/et_pb_section]<\/p>\n","protected":false},"excerpt":{"rendered":"<p>Ein gweledigaeth yw tirwedd fyw well, lle mae cymunedau yn gwerthfawrogi eu hafonydd lleol a lle mae defnydd tir cynhyrchiol ac afonydd gl\u00e2n gyda phoblogaethau bywyd gwyllt llewyrchus yn bodoli [&hellip;]<\/p>\n","protected":false},"author":1,"featured_media":825,"parent":0,"menu_order":0,"comment_status":"closed","ping_status":"closed","template":"","meta":{"_acf_changed":false,"_et_pb_use_builder":"on","_et_pb_old_content":"","_et_gb_content_width":"","_price":"","_stock":"","_tribe_ticket_header":"","_tribe_default_ticket_provider":"","_tribe_ticket_capacity":"0","_ticket_start_date":"","_ticket_end_date":"","_tribe_ticket_show_description":"","_tribe_ticket_show_not_going":false,"_tribe_ticket_use_global_stock":"","_tribe_ticket_global_stock_level":"","_global_stock_mode":"","_global_stock_cap":"","_tribe_rsvp_for_event":"","_tribe_ticket_going_count":"","_tribe_ticket_not_going_count":"","_tribe_tickets_list":"[]","_tribe_ticket_has_attendee_info_fields":false,"footnotes":"","_tec_slr_enabled":"","_tec_slr_layout":""},"class_list":["post-945","page","type-page","status-publish","has-post-thumbnail","hentry"],"acf":[],"ticketed":false,"_links":{"self":[{"href":"https:\/\/westwalesriverstrust.org\/cy\/wp-json\/wp\/v2\/pages\/945","targetHints":{"allow":["GET"]}}],"collection":[{"href":"https:\/\/westwalesriverstrust.org\/cy\/wp-json\/wp\/v2\/pages"}],"about":[{"href":"https:\/\/westwalesriverstrust.org\/cy\/wp-json\/wp\/v2\/types\/page"}],"author":[{"embeddable":true,"href":"https:\/\/westwalesriverstrust.org\/cy\/wp-json\/wp\/v2\/users\/1"}],"replies":[{"embeddable":true,"href":"https:\/\/westwalesriverstrust.org\/cy\/wp-json\/wp\/v2\/comments?post=945"}],"version-history":[{"count":2,"href":"https:\/\/westwalesriverstrust.org\/cy\/wp-json\/wp\/v2\/pages\/945\/revisions"}],"predecessor-version":[{"id":947,"href":"https:\/\/westwalesriverstrust.org\/cy\/wp-json\/wp\/v2\/pages\/945\/revisions\/947"}],"wp:featuredmedia":[{"embeddable":true,"href":"https:\/\/westwalesriverstrust.org\/cy\/wp-json\/wp\/v2\/media\/825"}],"wp:attachment":[{"href":"https:\/\/westwalesriverstrust.org\/cy\/wp-json\/wp\/v2\/media?parent=945"}],"curies":[{"name":"wp","href":"https:\/\/api.w.org\/{rel}","templated":true}]}}