{"id":688,"date":"2023-03-28T10:06:36","date_gmt":"2023-03-28T10:06:36","guid":{"rendered":"https:\/\/westwalesriverstrust.org\/gweithredoedd-pob-dydd\/"},"modified":"2025-04-11T12:39:24","modified_gmt":"2025-04-11T12:39:24","slug":"gweithredoedd-pob-dydd","status":"publish","type":"page","link":"https:\/\/westwalesriverstrust.org\/cy\/gweithredoedd-pob-dydd\/","title":{"rendered":"Gweithredoedd Pob Dydd"},"content":{"rendered":"<p>[et_pb_section fb_built=&#8221;1&#8243; _builder_version=&#8221;4.19.1&#8243; _module_preset=&#8221;default&#8221; custom_padding=&#8221;0px||0px|||&#8221; global_colors_info=&#8221;{}&#8221; theme_builder_area=&#8221;post_content&#8221;][et_pb_row _builder_version=&#8221;4.20.2&#8243; _module_preset=&#8221;default&#8221; width=&#8221;100%&#8221; global_colors_info=&#8221;{}&#8221; theme_builder_area=&#8221;post_content&#8221;][et_pb_column type=&#8221;4_4&#8243; _builder_version=&#8221;4.19.1&#8243; _module_preset=&#8221;default&#8221; global_colors_info=&#8221;{}&#8221; theme_builder_area=&#8221;post_content&#8221;][et_pb_text _builder_version=&#8221;4.21.0&#8243; _module_preset=&#8221;default&#8221; animation_style=&#8221;fade&#8221; global_colors_info=&#8221;{}&#8221; theme_builder_area=&#8221;post_content&#8221;]<\/p>\n<p>Mae llawer ffordd y gallwch wella iechyd eich afon leol, heb hyd yn oed adael eich cartref! Gweler nifer isod:<\/p>\n<p><strong>\u00a0<\/strong><\/p>\n<p>&nbsp;<\/p>\n<h3>Sut i Arbed D\u0175r Yn y Cartref<\/h3>\n<p>&nbsp;<\/p>\n<ul>\n<li>Gwiriwch fod offer yn y cartref wedi&#8217;u cysylltu \u00e2&#8217;r garthffos budr nid draen d\u0175r arwyneb.<\/li>\n<li>Sicrhau bod cyfleusterau storio olew yn y cartref mewn cyflwr da, gyda chofnod archwilio cyfredol.<\/li>\n<li>Sicrhau bod tanciau septig neu weithfeydd trin carthion preifat yn cael eu cynnal a&#8217;u cadw&#8217;n dda ac yn gweithio&#8217;n effeithiol.<\/li>\n<li>Rhoi cynhyrchion misglwyf, ffyn cotwm, weips a sbwriel tebyg yn y bin, nid i lawr y toiled. Gall y rhain achosi i systemau carthffosiaeth flocio ac i garthffosiaeth ddianc i, a thagu, ein hafonydd.<\/li>\n<li>Ewch ag olew gwastraff a chemegau fel gwirod gwyn i gyfleuster ailgylchu trefol: peidiwch \u00e2&#8217;u tywallt i lawr y sinc nac i lawr y draeniau tu allan oherwydd gall y rhain lifo mewn i afonydd yn ystod glaw trwm<\/li>\n<li>Defnyddiwch gynhyrchion glanhau gegin, ystafell ymolchi a cheir sy&#8217;n achosi llai o niwed i&#8217;r amgylchedd, megis glanedyddion golchi dillad di-ffosffad, a defnyddio cyn lleied ohonynt \u00e2 phosibl.<\/li>\n<li>Arbedwch dd\u0175r yn eich gardd trwy ddewis planhigion sy&#8217;n goddef amodau sych. Er mwyn helpu lawntiau trwy gyfnodau sych, peidiwch \u00e2&#8217;u torri&#8217;n rhy fyr. Casglwch law mewn casgen dd\u0175r, dyfriwch ar ddechrau neu ddiwedd y dydd, defnyddiwch domwellt ar blanhigion, a defnyddio can dyfrio lle bo hynny&#8217;n bosibl yn lle system chwistrellu neu bibell dd\u0175r.<\/li>\n<li>Prynu offer rhad-ar-ynni a rhai sy\u2019n defnyddio d\u0175r yn effeithlon.<\/li>\n<li>Arbedwch dd\u0175r yn eich cartref trwy osod &#8216;fag hippo&#8217; neu &#8216;fag arbed fflysio&#8217; yn y seston, gosod toiled fflysio isel, a\/neu roi rheoleiddwyr llif ar eich tapiau a&#8217;ch cawodydd. Arhoswch tan fydd gennych lwyth llawn cyn rhedeg peiriannau golchi llestri neu beiriannau golchi a gwasgu\u2019r botwm economi. Defnyddiwch y lleiafswm o dd\u0175r sydd ei angen mewn tegellau neu sosbenni. Diffoddwch y tap wrth frwsio dannedd a chymryd cawod yn hytrach na bath. Defnyddiwch bowlen pan yn golchi ffrwythau a llysiau yn hytrach na gadael i\u2019r tap redeg \u2013 a defnyddiwch yr hyn sydd weddill ar blanhigion. Golchwch eich ceir a llaw.<\/li>\n<li>Sicrhau bod d\u0175r to estyniad neu heulfan yn draenio i suddfan d\u0175r neu system ddraenio cynaliadwy ac nad ydynt wedi&#8217;u cysylltu \u00e2&#8217;r garthffos gyfunol.<\/li>\n<li>Sicrhau bod unrhyw barcio oddi ar y ffordd neu batio o amgylch y t\u0177 yn defnyddio deunyddiau hydraidd fel y gall glaw socian i&#8217;r pridd.<\/li>\n<li>Peidiwch \u00e2 phrynu, plannu na rhyddhau rhywogaethau estron goresgynnol (INNS). Gallwch gael gafael ar y cyngor diweddaraf am sut i reoli INNS a&#8217;u gwaredu&#8217;n gyfrifol trwy <a href=\"https:\/\/www.nonnativespecies.org\/\">wefan Ysgrifenyddiaeth Rhywogaethau Annhenid Prydain Fawr<\/a><\/li>\n<\/ul>\n<p>[\/et_pb_text][et_pb_video src=&#8221;https:\/\/youtu.be\/Y2CDaMvut6Y&#8221; _builder_version=&#8221;4.27.0&#8243; _module_preset=&#8221;default&#8221; global_colors_info=&#8221;{}&#8221; theme_builder_area=&#8221;post_content&#8221;][\/et_pb_video][\/et_pb_column][\/et_pb_row][et_pb_row _builder_version=&#8221;4.27.0&#8243; _module_preset=&#8221;default&#8221; custom_padding=&#8221;||0px|||&#8221; global_colors_info=&#8221;{}&#8221; theme_builder_area=&#8221;post_content&#8221;][et_pb_column type=&#8221;4_4&#8243; _builder_version=&#8221;4.27.0&#8243; _module_preset=&#8221;default&#8221; global_colors_info=&#8221;{}&#8221; theme_builder_area=&#8221;post_content&#8221;][et_pb_text _builder_version=&#8221;4.27.0&#8243; _module_preset=&#8221;default&#8221; min_height=&#8221;271.9px&#8221; global_colors_info=&#8221;{}&#8221; theme_builder_area=&#8221;post_content&#8221;]<\/p>\n<h3>Sut i Arbed D\u0175r Yn y Cartref<\/h3>\n<p><span>Mae glanedydd yn cael eu defnyddio gan y mwyafrif o bobl ym mywyd bob dydd ar gyfer dillad, llestri a glanhau cyffredinol. Maent yn cynnwys amrywiaeth o gemegau sy&#8217;n eu galluogi i dorri i lawr saim a baw, gyda rhai \u00e2 rhinweddau diheintio ychwanegol. Fodd bynnag, gall cynhyrchu, defnyddio a gwaredu&#8217;r cynhyrchion hyn gael effeithiau dwfn i&#8217;n hecosystemau.<\/span><\/p>\n<p><span>Mae glanedydd yn cynnwys llawer o gynhwysion gydag amrywiaeth o effeithiau ar iechyd ein hamgylchedd, ond mae llawer o wybodaeth a brandio camarweiniol yn y farchnad glanedydd. Er mwyn ei gwneud hi&#8217;n haws i&#8217;r rhai sydd \u00e2 diddordeb mewn helpu i ddiogelu ein hamgylcheddau d\u0175r, rydym wedi gweithio gyda Pembrokeshire Nature Partnership i greu&#8217;r ddogfen isod i&#8217;ch helpu i wneud dewisiadau gwybodus ar eich pryniannau glanedydd yn y dyfodol.<\/span><\/p>\n<h3><\/h3>\n<p>&nbsp;<\/p>\n<p>[\/et_pb_text][et_pb_cta button_text=&#8221;Click Here&#8221; _builder_version=&#8221;4.27.0&#8243; _module_preset=&#8221;default&#8221; custom_margin=&#8221;24px||-45px|||&#8221; custom_padding=&#8221;||0px|||&#8221; global_colors_info=&#8221;{}&#8221; theme_builder_area=&#8221;post_content&#8221;]<\/p>\n<h4><span style=\"text-decoration: underline;\"><strong>Lawrlwythwch ein canllaw Glanedydd Cyfeillgar i D\u0175r yma.<\/strong><\/span><\/h4>\n<p>[\/et_pb_cta][\/et_pb_column][\/et_pb_row][\/et_pb_section]<\/p>\n","protected":false},"excerpt":{"rendered":"<p>Mae llawer ffordd y gallwch wella iechyd eich afon leol, heb hyd yn oed adael eich cartref! Gweler nifer isod: \u00a0 &nbsp; Sut i Arbed D\u0175r Yn y Cartref &nbsp; [&hellip;]<\/p>\n","protected":false},"author":1,"featured_media":600,"parent":0,"menu_order":0,"comment_status":"closed","ping_status":"closed","template":"","meta":{"_acf_changed":false,"_et_pb_use_builder":"on","_et_pb_old_content":"","_et_gb_content_width":"","_price":"","_stock":"","_tribe_ticket_header":"","_tribe_default_ticket_provider":"","_tribe_ticket_capacity":"0","_ticket_start_date":"","_ticket_end_date":"","_tribe_ticket_show_description":"","_tribe_ticket_show_not_going":false,"_tribe_ticket_use_global_stock":"","_tribe_ticket_global_stock_level":"","_global_stock_mode":"","_global_stock_cap":"","_tribe_rsvp_for_event":"","_tribe_ticket_going_count":"","_tribe_ticket_not_going_count":"","_tribe_tickets_list":"[]","_tribe_ticket_has_attendee_info_fields":false,"footnotes":"","_tec_slr_enabled":"","_tec_slr_layout":""},"class_list":["post-688","page","type-page","status-publish","has-post-thumbnail","hentry"],"acf":[],"ticketed":false,"_links":{"self":[{"href":"https:\/\/westwalesriverstrust.org\/cy\/wp-json\/wp\/v2\/pages\/688","targetHints":{"allow":["GET"]}}],"collection":[{"href":"https:\/\/westwalesriverstrust.org\/cy\/wp-json\/wp\/v2\/pages"}],"about":[{"href":"https:\/\/westwalesriverstrust.org\/cy\/wp-json\/wp\/v2\/types\/page"}],"author":[{"embeddable":true,"href":"https:\/\/westwalesriverstrust.org\/cy\/wp-json\/wp\/v2\/users\/1"}],"replies":[{"embeddable":true,"href":"https:\/\/westwalesriverstrust.org\/cy\/wp-json\/wp\/v2\/comments?post=688"}],"version-history":[{"count":11,"href":"https:\/\/westwalesriverstrust.org\/cy\/wp-json\/wp\/v2\/pages\/688\/revisions"}],"predecessor-version":[{"id":2401,"href":"https:\/\/westwalesriverstrust.org\/cy\/wp-json\/wp\/v2\/pages\/688\/revisions\/2401"}],"wp:featuredmedia":[{"embeddable":true,"href":"https:\/\/westwalesriverstrust.org\/cy\/wp-json\/wp\/v2\/media\/600"}],"wp:attachment":[{"href":"https:\/\/westwalesriverstrust.org\/cy\/wp-json\/wp\/v2\/media?parent=688"}],"curies":[{"name":"wp","href":"https:\/\/api.w.org\/{rel}","templated":true}]}}