{"id":682,"date":"2023-03-28T10:09:31","date_gmt":"2023-03-28T10:09:31","guid":{"rendered":"https:\/\/westwalesriverstrust.org\/gwirfoddoli\/"},"modified":"2024-01-08T10:12:35","modified_gmt":"2024-01-08T10:12:35","slug":"gwirfoddoli","status":"publish","type":"page","link":"https:\/\/westwalesriverstrust.org\/cy\/gwirfoddoli\/","title":{"rendered":"Gwirfoddoli"},"content":{"rendered":"<p>[et_pb_section fb_built=&#8221;1&#8243; _builder_version=&#8221;4.19.1&#8243; _module_preset=&#8221;default&#8221; custom_padding=&#8221;0px||0px|||&#8221; global_colors_info=&#8221;{}&#8221; theme_builder_area=&#8221;post_content&#8221;][et_pb_row _builder_version=&#8221;4.20.2&#8243; _module_preset=&#8221;default&#8221; width=&#8221;100%&#8221; global_colors_info=&#8221;{}&#8221; theme_builder_area=&#8221;post_content&#8221;][et_pb_column type=&#8221;4_4&#8243; _builder_version=&#8221;4.19.1&#8243; _module_preset=&#8221;default&#8221; global_colors_info=&#8221;{}&#8221; theme_builder_area=&#8221;post_content&#8221;][et_pb_text _builder_version=&#8221;4.21.0&#8243; _module_preset=&#8221;default&#8221; custom_margin=&#8221;||19px|||&#8221; animation_style=&#8221;fade&#8221; global_colors_info=&#8221;{}&#8221; theme_builder_area=&#8221;post_content&#8221;]<\/p>\n<p>Rydym am i bobl fwynhau afonydd gymaint \u00e2 ninnau. Un ffordd wych o wneud hyn yw gwirfoddoli ar eich afon leol. Ymunwch \u00e2&#8217;n t\u00eem o 300+ o wirfoddolwyr sy&#8217;n gweithio mewn sawl ffordd wahanol i ddod ag afonydd yn \u00f4l yn fyw.<\/p>\n<p>Mae gan wirfoddoli lawer o fanteision y tu hwnt i&#8217;r effaith gadarnhaol y byddwch chi&#8217;n ei gadael ar yr amgylchedd.<\/p>\n<p>Drwy wirfoddoli gyda ni, cewch gyfle i:<\/p>\n<ul>\n<li>Ddysgu sgiliau ymarferol newydd fel adnabod infertebratau neu reoli cynefinoedd<\/li>\n<li>Cwrdd \u00e2 phobl o&#8217;r un anian, dod yn rhan o gymuned newydd<\/li>\n<li>Ymarfer yn yr awyr iach<\/li>\n<li>Gwella\u2019ch iechyd a lles trwy dreulio amser ym myd natur<\/li>\n<li>Ychwanegu rhywbeth arbennig i&#8217;ch CV<\/li>\n<\/ul>\n<p>[\/et_pb_text][ba_dual_button btn_a_text=&#8221;Archwilio&apos;r digwyddiadau sydd i ddod &#8221; btn_a_link=&#8221;https:\/\/westwalesriverstrust.org\/events\/&#8221; btn_b_text=&#8221;Cofrestrwch ar gyfer ein cylchlythyr &#8221; btn_b_link=&#8221;http:\/\/eepurl.com\/ivcLew&#8221; button_gap=&#8221;15px&#8221; _builder_version=&#8221;4.22.1&#8243; _module_preset=&#8221;default&#8221; custom_btn_a=&#8221;on&#8221; btn_a_text_size=&#8221;16px&#8221; btn_a_text_color=&#8221;#FFFFFF&#8221; btn_a_bg_color=&#8221;#0E4153&#8243; btn_a_border_radius=&#8221;0px&#8221; btn_a_letter_spacing=&#8221;4px&#8221; btn_a_font=&#8221;Source Sans Pro|700||on|||||&#8221; btn_a_icon=&#8221;&#x24;||divi||400&#8243; btn_a_custom_padding=&#8221;12px|30px|12px|30px|true|true&#8221; custom_btn_b=&#8221;on&#8221; btn_b_text_size=&#8221;16px&#8221; btn_b_text_color=&#8221;#FFFFFF&#8221; btn_b_bg_color=&#8221;#0E4153&#8243; btn_b_border_radius=&#8221;0px&#8221; btn_b_letter_spacing=&#8221;4px&#8221; btn_b_font=&#8221;Source Sans Pro|700||on|||||&#8221; btn_b_icon=&#8221;&#x24;||divi||400&#8243; btn_b_custom_padding=&#8221;12px|30px|12px|30px|true|true&#8221; custom_margin=&#8221;-12px||30px||false|false&#8221; custom_padding=&#8221;||||true|false&#8221; animation_style=&#8221;fade&#8221; global_colors_info=&#8221;{}&#8221; theme_builder_area=&#8221;post_content&#8221;][\/ba_dual_button][et_pb_text _builder_version=&#8221;4.21.0&#8243; _module_preset=&#8221;default&#8221; custom_margin=&#8221;100px||||false|false&#8221; animation_style=&#8221;fade&#8221; global_colors_info=&#8221;{}&#8221; theme_builder_area=&#8221;post_content&#8221;]<\/p>\n<h3>Gwyliwch y fideo isod i glywed Nathaniel, y Swyddog Prosiect yn trafod diwrnodau gwirfoddoli gwaredu rhywogaethau oresgynnol:<\/h3>\n<p>[\/et_pb_text][et_pb_code _builder_version=&#8221;4.21.0&#8243; _module_preset=&#8221;default&#8221; custom_margin=&#8221;-14px|||||&#8221; animation_style=&#8221;fade&#8221; global_colors_info=&#8221;{}&#8221; theme_builder_area=&#8221;post_content&#8221;]<iframe loading=\"lazy\" width=\"560\" height=\"315\" src=\"https:\/\/www.youtube.com\/embed\/P-TRmgWN9RA\" title=\"YouTube video player\" frameborder=\"0\" allow=\"accelerometer; autoplay; clipboard-write; encrypted-media; gyroscope; picture-in-picture; web-share\" allowfullscreen><\/iframe>[\/et_pb_code][\/et_pb_column][\/et_pb_row][\/et_pb_section]<\/p>\n","protected":false},"excerpt":{"rendered":"<p>Rydym am i bobl fwynhau afonydd gymaint \u00e2 ninnau. Un ffordd wych o wneud hyn yw gwirfoddoli ar eich afon leol. Ymunwch \u00e2&#8217;n t\u00eem o 300+ o wirfoddolwyr sy&#8217;n gweithio [&hellip;]<\/p>\n","protected":false},"author":1,"featured_media":630,"parent":0,"menu_order":0,"comment_status":"closed","ping_status":"closed","template":"","meta":{"_acf_changed":false,"_et_pb_use_builder":"on","_et_pb_old_content":"","_et_gb_content_width":"","_price":"","_stock":"","_tribe_ticket_header":"","_tribe_default_ticket_provider":"","_tribe_ticket_capacity":"0","_ticket_start_date":"","_ticket_end_date":"","_tribe_ticket_show_description":"","_tribe_ticket_show_not_going":false,"_tribe_ticket_use_global_stock":"","_tribe_ticket_global_stock_level":"","_global_stock_mode":"","_global_stock_cap":"","_tribe_rsvp_for_event":"","_tribe_ticket_going_count":"","_tribe_ticket_not_going_count":"","_tribe_tickets_list":"[]","_tribe_ticket_has_attendee_info_fields":false,"footnotes":"","_tec_slr_enabled":"","_tec_slr_layout":""},"class_list":["post-682","page","type-page","status-publish","has-post-thumbnail","hentry"],"acf":[],"ticketed":false,"_links":{"self":[{"href":"https:\/\/westwalesriverstrust.org\/cy\/wp-json\/wp\/v2\/pages\/682","targetHints":{"allow":["GET"]}}],"collection":[{"href":"https:\/\/westwalesriverstrust.org\/cy\/wp-json\/wp\/v2\/pages"}],"about":[{"href":"https:\/\/westwalesriverstrust.org\/cy\/wp-json\/wp\/v2\/types\/page"}],"author":[{"embeddable":true,"href":"https:\/\/westwalesriverstrust.org\/cy\/wp-json\/wp\/v2\/users\/1"}],"replies":[{"embeddable":true,"href":"https:\/\/westwalesriverstrust.org\/cy\/wp-json\/wp\/v2\/comments?post=682"}],"version-history":[{"count":6,"href":"https:\/\/westwalesriverstrust.org\/cy\/wp-json\/wp\/v2\/pages\/682\/revisions"}],"predecessor-version":[{"id":1264,"href":"https:\/\/westwalesriverstrust.org\/cy\/wp-json\/wp\/v2\/pages\/682\/revisions\/1264"}],"wp:featuredmedia":[{"embeddable":true,"href":"https:\/\/westwalesriverstrust.org\/cy\/wp-json\/wp\/v2\/media\/630"}],"wp:attachment":[{"href":"https:\/\/westwalesriverstrust.org\/cy\/wp-json\/wp\/v2\/media?parent=682"}],"curies":[{"name":"wp","href":"https:\/\/api.w.org\/{rel}","templated":true}]}}