{"id":673,"date":"2023-03-28T09:57:48","date_gmt":"2023-03-28T09:57:48","guid":{"rendered":"https:\/\/westwalesriverstrust.org\/rheoli-llifogydd-yn-naturiol\/"},"modified":"2023-07-06T14:22:33","modified_gmt":"2023-07-06T14:22:33","slug":"rheoli-llifogydd-yn-naturiol","status":"publish","type":"page","link":"https:\/\/westwalesriverstrust.org\/cy\/rheoli-llifogydd-yn-naturiol\/","title":{"rendered":"Rheoli Llifogydd yn Naturiol"},"content":{"rendered":"<p>[et_pb_section fb_built=&#8221;1&#8243; _builder_version=&#8221;4.19.1&#8243; _module_preset=&#8221;default&#8221; custom_padding=&#8221;0px||0px|||&#8221; global_colors_info=&#8221;{}&#8221; theme_builder_area=&#8221;post_content&#8221;][et_pb_row _builder_version=&#8221;4.20.2&#8243; _module_preset=&#8221;default&#8221; width=&#8221;100%&#8221; global_colors_info=&#8221;{}&#8221; theme_builder_area=&#8221;post_content&#8221;][et_pb_column type=&#8221;4_4&#8243; _builder_version=&#8221;4.19.1&#8243; _module_preset=&#8221;default&#8221; global_colors_info=&#8221;{}&#8221; theme_builder_area=&#8221;post_content&#8221;][et_pb_text _builder_version=&#8221;4.21.0&#8243; _module_preset=&#8221;default&#8221; hover_enabled=&#8221;0&#8243; global_colors_info=&#8221;{}&#8221; theme_builder_area=&#8221;post_content&#8221; animation_style=&#8221;fade&#8221; sticky_enabled=&#8221;0&#8243;]<\/p>\n<p>Mae llifogydd yn broses naturiol, ond mae newidiadau hinsoddol a&#8217;r ffordd yr ydym yn rheoli ein tirweddau yn achosi iddo ddigwydd yn fwy aml gyda difrod cynyddol i gartrefi, cymunedau a seilwaith. Rhagwelir y bydd cyfanswm glaw yn y DU yn cynyddu yn y gaeaf gyda digwyddiadau stormydd unigol yn dod yn fwy dwys. Mae angen i ni addasu i reoli perygl llifogydd yn well; mae&#8217;r hyn \u00a0a wnaethpwyd yn y gorffennol yn annhebygol o fod yn ddigonol yn y dyfodol.<\/p>\n<p>Mae llawer o ffactorau&#8217;n cyfrannu at ddwysau perygl llifogydd mewn trefi a phentrefi. Ar draws ardaloedd mawr, cywasgir pridd ac maent yn colli eu gallu i storio d\u0175r. Mae gwlyptiroedd wedi\u2019u draenio a chaeau glaswellt llyfn gydag ychydig o goed, yn caniat\u00e1u i dd\u0175r lifo&#8217;n gyflym i sianeli afonydd. Mewn sawl man mae afonydd wedi eu sythu a&#8217;u carthu er mwyn symud d\u0175r yn gyflym i lawr yr afon tuag at drefi a phentrefi. Pan fydd y cyfaint enfawr hwn o dd\u0175r yn cyrraedd tref ac yn cael ei wasgu trwy sianeli muriog ac o dan bontydd mae&#8217;n llifo allan i&#8217;w gorlifdir. Mae adeiladu a datblygu ar orlifdiroedd yn gadael y d\u0175r yma ag unman i fynd ac felly mae&#8217;n gorlifo eiddo. Mae angen i ni arafu cyflymder y d\u0175r sy&#8217;n dod oddi ar y bryniau a storio mwy o dd\u0175r ar orlifdiroedd naturiol.<\/p>\n<p>[\/et_pb_text][et_pb_image src=&#8221;https:\/\/westwalesriverstrust.org\/wp-content\/uploads\/2023\/04\/2Credit-Ryan-Milsom-Photography.jpg&#8221; title_text=&#8221;Credit- Ryan Milsom Photography&#8221; _builder_version=&#8221;4.21.0&#8243; _module_preset=&#8221;default&#8221; custom_margin=&#8221;||0px||false|false&#8221; custom_padding=&#8221;||0px||false|false&#8221; hover_enabled=&#8221;0&#8243; locked=&#8221;off&#8221; global_colors_info=&#8221;{}&#8221; theme_builder_area=&#8221;post_content&#8221; animation_style=&#8221;fade&#8221; sticky_enabled=&#8221;0&#8243;][\/et_pb_image][et_pb_text _builder_version=&#8221;4.20.2&#8243; _module_preset=&#8221;default&#8221; text_font_size=&#8221;13px&#8221; custom_padding=&#8221;0px||||false|false&#8221; global_colors_info=&#8221;{}&#8221; theme_builder_area=&#8221;post_content&#8221;]<\/p>\n<p>Credyd: Ffotograffiaeth Ryan Milsom<\/p>\n<p>[\/et_pb_text][\/et_pb_column][\/et_pb_row][et_pb_row _builder_version=&#8221;4.20.2&#8243; _module_preset=&#8221;default&#8221; width=&#8221;100%&#8221; global_colors_info=&#8221;{}&#8221; theme_builder_area=&#8221;post_content&#8221;][et_pb_column type=&#8221;4_4&#8243; _builder_version=&#8221;4.19.1&#8243; _module_preset=&#8221;default&#8221; global_colors_info=&#8221;{}&#8221; theme_builder_area=&#8221;post_content&#8221;][et_pb_text _builder_version=&#8221;4.21.0&#8243; _module_preset=&#8221;default&#8221; hover_enabled=&#8221;0&#8243; global_colors_info=&#8221;{}&#8221; theme_builder_area=&#8221;post_content&#8221; animation_style=&#8221;fade&#8221; sticky_enabled=&#8221;0&#8243;]<\/p>\n<p>&#8216;Rheoli llifogydd naturiol&#8217; yw newid neu adfer tirweddau i storio d\u0175r neu &#8216;arafu llif&#8217; d\u0175r sy&#8217;n cyrraedd sianel yr afon.<\/p>\n<p>Mae technegau rheoli llifogydd yn naturiol yn gost-effeithiol, yn gynaliadwy ac yn darparu llawer o fanteision eraill megis glanhau d\u0175r, storio carbon a chynyddu bywyd gwyllt. Mae gan YAGG brofiad o gyflawni\u2019r ymyriadau canlynol i helpu i adfer ein cynefinoedd naturiol a lleihau\u2019r perygl o lifogydd:<\/p>\n<p>&nbsp;<\/p>\n<ul>\n<li>Gwella iechyd y pridd fel bod ganddynt fwy o allu i storio d\u0175r.<\/li>\n<\/ul>\n<ul>\n<li style=\"list-style-type: none;\">\n<ul>\n<li>Adfer mawnogydd wedi&#8217;u draenio neu orbori fel sbyngau naturiol ond mae llawer wedi bod ac nad ydynt bellach yn dal d\u0175r.<\/li>\n<li>Plannu coed a gwrychoedd i amsugno d\u0175r a rhyng-gipio\u2019r d\u0175r sy&#8217;n llifo oddi ar ochr y llethr, gan arafu&#8217;r cyflymder y mae&#8217;n cyrraedd sianel yr afon ac yn symud i lawr yr afon. Gall ardaloedd bach sydd wedi&#8217;u plannu, yn enwedig ar draws llethrau serth neu ar hyd nentydd, helpu i leihau faint o dd\u0175r sy&#8217;n cyrraedd sianel yr afon.<\/li>\n<li>Adfer afonydd i&#8217;w ffurf &#8216;ymdroellog&#8217; naturiol, gan droelli ar draws eu gorlifdiroedd. Mae afonydd wedi\u2019u sythu yn danfon d\u0175r yn gyflym iawn i drefi a gallent gynyddu&#8217;r perygl o lifogydd. Mae adfer afonydd i&#8217;w cwrs naturiol a&#8217;u hailgysylltu \u00e2&#8217;u gorlifdiroedd yn arafu llifoedd brig.<\/li>\n<li>Creu Systemau Draenio Cynaliadwy (SuDS), newidiadau defnydd tir trefol sy&#8217;n dynwared draeniad naturiol i leihau cyfaint y d\u0175r ffo arwyneb mewn ardaloedd trefol. Maent hefyd yn helpu i leihau llygredd ac yn darparu gwelliannau amgylcheddol.<\/li>\n<li>Gallwn hefyd ddefnyddio deunyddiau naturiol i ddylunio strwythurau o fewn y dirwedd sy&#8217;n storio llifddwr ac yn arafu&#8217;r llif. Er enghraifft, gall adeiladu byndiau a phyllau gyda chapasiti ychwanegol, ganiat\u00e1u i dd\u0175r gael ei storio yn ystod llifogydd ac yna draenio i ffwrdd yn araf. Gall argaeau sy&#8217;n gollwng ar draws cyrsiau d\u0175r neu lwybrau d\u0175r ffo arafu&#8217;r llif i lawr yr afon.<\/li>\n<\/ul>\n<\/li>\n<\/ul>\n<p>[\/et_pb_text][\/et_pb_column][\/et_pb_row][et_pb_row _builder_version=&#8221;4.20.2&#8243; _module_preset=&#8221;default&#8221; width=&#8221;100%&#8221; global_colors_info=&#8221;{}&#8221; theme_builder_area=&#8221;post_content&#8221;][et_pb_column type=&#8221;4_4&#8243; _builder_version=&#8221;4.20.2&#8243; _module_preset=&#8221;default&#8221; global_colors_info=&#8221;{}&#8221; theme_builder_area=&#8221;post_content&#8221;][et_pb_image src=&#8221;https:\/\/westwalesriverstrust.org\/wp-content\/uploads\/2023\/04\/WWNP-catchment-diagram.jpg&#8221; title_text=&#8221;WWNP-catchment-diagram&#8221; _builder_version=&#8221;4.21.0&#8243; _module_preset=&#8221;default&#8221; hover_enabled=&#8221;0&#8243; global_colors_info=&#8221;{}&#8221; theme_builder_area=&#8221;post_content&#8221; animation_style=&#8221;fade&#8221; sticky_enabled=&#8221;0&#8243;][\/et_pb_image][\/et_pb_column][\/et_pb_row][\/et_pb_section]<\/p>\n","protected":false},"excerpt":{"rendered":"<p>Mae llifogydd yn broses naturiol, ond mae newidiadau hinsoddol a&#8217;r ffordd yr ydym yn rheoli ein tirweddau yn achosi iddo ddigwydd yn fwy aml gyda difrod cynyddol i gartrefi, cymunedau [&hellip;]<\/p>\n","protected":false},"author":1,"featured_media":619,"parent":0,"menu_order":0,"comment_status":"closed","ping_status":"closed","template":"","meta":{"_acf_changed":false,"_et_pb_use_builder":"on","_et_pb_old_content":"","_et_gb_content_width":"","_price":"","_stock":"","_tribe_ticket_header":"","_tribe_default_ticket_provider":"","_tribe_ticket_capacity":"0","_ticket_start_date":"","_ticket_end_date":"","_tribe_ticket_show_description":"","_tribe_ticket_show_not_going":false,"_tribe_ticket_use_global_stock":"","_tribe_ticket_global_stock_level":"","_global_stock_mode":"","_global_stock_cap":"","_tribe_rsvp_for_event":"","_tribe_ticket_going_count":"","_tribe_ticket_not_going_count":"","_tribe_tickets_list":"[]","_tribe_ticket_has_attendee_info_fields":false,"footnotes":"","_tec_slr_enabled":"","_tec_slr_layout":""},"class_list":["post-673","page","type-page","status-publish","has-post-thumbnail","hentry"],"acf":[],"ticketed":false,"_links":{"self":[{"href":"https:\/\/westwalesriverstrust.org\/cy\/wp-json\/wp\/v2\/pages\/673","targetHints":{"allow":["GET"]}}],"collection":[{"href":"https:\/\/westwalesriverstrust.org\/cy\/wp-json\/wp\/v2\/pages"}],"about":[{"href":"https:\/\/westwalesriverstrust.org\/cy\/wp-json\/wp\/v2\/types\/page"}],"author":[{"embeddable":true,"href":"https:\/\/westwalesriverstrust.org\/cy\/wp-json\/wp\/v2\/users\/1"}],"replies":[{"embeddable":true,"href":"https:\/\/westwalesriverstrust.org\/cy\/wp-json\/wp\/v2\/comments?post=673"}],"version-history":[{"count":2,"href":"https:\/\/westwalesriverstrust.org\/cy\/wp-json\/wp\/v2\/pages\/673\/revisions"}],"predecessor-version":[{"id":675,"href":"https:\/\/westwalesriverstrust.org\/cy\/wp-json\/wp\/v2\/pages\/673\/revisions\/675"}],"wp:featuredmedia":[{"embeddable":true,"href":"https:\/\/westwalesriverstrust.org\/cy\/wp-json\/wp\/v2\/media\/619"}],"wp:attachment":[{"href":"https:\/\/westwalesriverstrust.org\/cy\/wp-json\/wp\/v2\/media?parent=673"}],"curies":[{"name":"wp","href":"https:\/\/api.w.org\/{rel}","templated":true}]}}