{"id":670,"date":"2023-07-06T14:15:53","date_gmt":"2023-07-06T14:15:53","guid":{"rendered":"https:\/\/westwalesriverstrust.org\/ansawdd-dwr-a-rheoli-tir\/"},"modified":"2023-07-06T14:15:53","modified_gmt":"2023-07-06T14:15:53","slug":"ansawdd-dwr-a-rheoli-tir","status":"publish","type":"page","link":"https:\/\/westwalesriverstrust.org\/cy\/ansawdd-dwr-a-rheoli-tir\/","title":{"rendered":"Ansawdd D\u0175r a Rheoli Tir"},"content":{"rendered":"<p>[et_pb_section fb_built=&#8221;1&#8243; _builder_version=&#8221;4.19.1&#8243; _module_preset=&#8221;default&#8221; custom_padding=&#8221;0px||0px|||&#8221; global_colors_info=&#8221;{}&#8221; theme_builder_area=&#8221;post_content&#8221;][et_pb_row _builder_version=&#8221;4.20.2&#8243; _module_preset=&#8221;default&#8221; width=&#8221;100%&#8221; global_colors_info=&#8221;{}&#8221; theme_builder_area=&#8221;post_content&#8221;][et_pb_column type=&#8221;4_4&#8243; _builder_version=&#8221;4.19.1&#8243; _module_preset=&#8221;default&#8221; global_colors_info=&#8221;{}&#8221; theme_builder_area=&#8221;post_content&#8221;][et_pb_text _builder_version=&#8221;4.21.0&#8243; _module_preset=&#8221;default&#8221; hover_enabled=&#8221;0&#8243; global_colors_info=&#8221;{}&#8221; theme_builder_area=&#8221;post_content&#8221; animation_style=&#8221;fade&#8221; sticky_enabled=&#8221;0&#8243;]<\/p>\n<p>Mae gan Ymddiriedolaeth Afonydd Gorllewin Cymru wybodaeth helaeth o&#8217;n dalgylchoedd gwledig a threfol a&#8217;r pwysau defnydd tir ar lawr gwlad sy&#8217;n effeithio arnynt. Rydym hefyd yn dibynnu<a href=\"https:\/\/naturalresources.wales\/evidence-and-data\/research-and-reports\/water-reports\/compliance-assessment-of-welsh-river-sacs-against-phosphorus-targets\/?lang=en\">&#8216;n helaeth ar ddata modelu Dosbarthiad Ffynhonnell<\/a> diweddar\u00a0 sy&#8217;n meintioli&#8217;r pwysau Ffosfforws o bob sector ar ein hafonydd ACA ac felly&#8217;r camau blaenoriaeth sydd eu hangen &#8211; boed hynny gyda&#8217;r rhwydwaith carthion, y sector amaethyddol, diwydiant, tanciau carthion preifat neu eraill.<\/p>\n<p>Lle mae materion yn gymharol fach ac yn hawdd mynd i&#8217;r afael \u00e2 nhw ar lawr gwlad, rydym yn gweithio gyda thirfeddianwyr i wneud y newidiadau hyn. Er enghraifft, mewn dalgylchoedd gwledig, rydym yn darparu cyngor rheoli tir a mesurau ar y fferm i leihau gollyngiadau llygryddion o ffermydd tra&#8217;n cynyddu effeithlonrwydd a gwella iechyd ecolegol.<\/p>\n<p>Gall cyngor rheoli tir a mesurau ar y fferm leihau gollyngiadau llygryddion o ffermydd ac, ar yr un pryd, sicrhau effeithlonrwydd i gynyddu cynnyrch ac arbed costau. Rydym yn gweithio gyda ffermwyr i argymell yr opsiynau gorau ar gyfer eu hamgylchiadau.<\/p>\n<p>Gweler enghreifftiau o arfer da ar y fferm o&#8217;u cymharu \u00e2 phryderon ar y fferm yn y darlun isod.<\/p>\n<p>[\/et_pb_text][et_pb_code _builder_version=&#8221;4.21.0&#8243; _module_preset=&#8221;default&#8221; hover_enabled=&#8221;0&#8243; global_colors_info=&#8221;{}&#8221; theme_builder_area=&#8221;post_content&#8221; animation_style=&#8221;fade&#8221; sticky_enabled=&#8221;0&#8243;]<img decoding=\"async\" style=\"max-width:100%\" src=\"\/\/cdn.thinglink.me\/api\/image\/537957824810975232\/1024\/10\/scaletowidth#tl-537957824810975232;367199202'\" class=\"alwaysThinglink\"\/><script async charset=\"utf-8\" src=\"\/\/cdn.thinglink.me\/jse\/embed.js\"><\/script>[\/et_pb_code][et_pb_text _builder_version=&#8221;4.21.0&#8243; _module_preset=&#8221;default&#8221; hover_enabled=&#8221;0&#8243; global_colors_info=&#8221;{}&#8221; theme_builder_area=&#8221;post_content&#8221; animation_style=&#8221;fade&#8221; sticky_enabled=&#8221;0&#8243;]<\/p>\n<p>Fodd bynnag, er mwyn sicrhau ansawdd d\u0175r digonol, mae angen i Cyfoeth Naturiol Cymru fod yn rheoleiddiwr effeithlon ac i gwmn\u00efau fel D\u0175r Cymru, a ffermwyr a rheolwyr tir fod yn atebol am leihau eu heffeithiau ar ein hafonydd. Er mwyn gweithio tuag at hyn, mae Ymddiriedolaeth Afonydd Gorllewin Cymru a\u2019n hymddiriedolaeth ymbar\u00e9l Afonydd Cymru, yn cyfarfod yn rheolaidd \u00e2 Llywodraeth Cymru, yn ymateb i ymgynghoriadau neu\u2019n ysgrifennu llythyrau\u2019n mynegi pryder i geisio dylanwadu ar gyflawni a newidiadau polisi.<\/p>\n<p>[\/et_pb_text][\/et_pb_column][\/et_pb_row][\/et_pb_section]<\/p>\n","protected":false},"excerpt":{"rendered":"<p>Mae gan Ymddiriedolaeth Afonydd Gorllewin Cymru wybodaeth helaeth o&#8217;n dalgylchoedd gwledig a threfol a&#8217;r pwysau defnydd tir ar lawr gwlad sy&#8217;n effeithio arnynt. Rydym hefyd yn dibynnu&#8217;n helaeth ar ddata [&hellip;]<\/p>\n","protected":false},"author":1,"featured_media":603,"parent":0,"menu_order":0,"comment_status":"closed","ping_status":"closed","template":"","meta":{"_acf_changed":false,"_et_pb_use_builder":"on","_et_pb_old_content":"","_et_gb_content_width":"","_price":"","_stock":"","_tribe_ticket_header":"","_tribe_default_ticket_provider":"","_tribe_ticket_capacity":"0","_ticket_start_date":"","_ticket_end_date":"","_tribe_ticket_show_description":"","_tribe_ticket_show_not_going":false,"_tribe_ticket_use_global_stock":"","_tribe_ticket_global_stock_level":"","_global_stock_mode":"","_global_stock_cap":"","_tribe_rsvp_for_event":"","_tribe_ticket_going_count":"","_tribe_ticket_not_going_count":"","_tribe_tickets_list":"[]","_tribe_ticket_has_attendee_info_fields":false,"footnotes":"","_tec_slr_enabled":"","_tec_slr_layout":""},"class_list":["post-670","page","type-page","status-publish","has-post-thumbnail","hentry"],"acf":[],"ticketed":false,"_links":{"self":[{"href":"https:\/\/westwalesriverstrust.org\/cy\/wp-json\/wp\/v2\/pages\/670","targetHints":{"allow":["GET"]}}],"collection":[{"href":"https:\/\/westwalesriverstrust.org\/cy\/wp-json\/wp\/v2\/pages"}],"about":[{"href":"https:\/\/westwalesriverstrust.org\/cy\/wp-json\/wp\/v2\/types\/page"}],"author":[{"embeddable":true,"href":"https:\/\/westwalesriverstrust.org\/cy\/wp-json\/wp\/v2\/users\/1"}],"replies":[{"embeddable":true,"href":"https:\/\/westwalesriverstrust.org\/cy\/wp-json\/wp\/v2\/comments?post=670"}],"version-history":[{"count":2,"href":"https:\/\/westwalesriverstrust.org\/cy\/wp-json\/wp\/v2\/pages\/670\/revisions"}],"predecessor-version":[{"id":672,"href":"https:\/\/westwalesriverstrust.org\/cy\/wp-json\/wp\/v2\/pages\/670\/revisions\/672"}],"wp:featuredmedia":[{"embeddable":true,"href":"https:\/\/westwalesriverstrust.org\/cy\/wp-json\/wp\/v2\/media\/603"}],"wp:attachment":[{"href":"https:\/\/westwalesriverstrust.org\/cy\/wp-json\/wp\/v2\/media?parent=670"}],"curies":[{"name":"wp","href":"https:\/\/api.w.org\/{rel}","templated":true}]}}