{"id":1064,"date":"2023-09-28T12:25:33","date_gmt":"2023-09-28T12:25:33","guid":{"rendered":"https:\/\/westwalesriverstrust.org\/cynllun-tanc-septic\/"},"modified":"2024-08-19T13:16:48","modified_gmt":"2024-08-19T13:16:48","slug":"cynllun-tanc-septic","status":"publish","type":"page","link":"https:\/\/westwalesriverstrust.org\/cy\/cynllun-tanc-septic\/","title":{"rendered":"Cynllun Tanc Septic"},"content":{"rendered":"<p>[et_pb_section fb_built=&#8221;1&#8243; _builder_version=&#8221;4.22.1&#8243; _module_preset=&#8221;default&#8221; global_colors_info=&#8221;{}&#8221; theme_builder_area=&#8221;post_content&#8221; custom_padding=&#8221;0px||0px|||&#8221;][et_pb_row _builder_version=&#8221;4.27.0&#8243; _module_preset=&#8221;default&#8221; hover_enabled=&#8221;0&#8243; global_colors_info=&#8221;{}&#8221; theme_builder_area=&#8221;post_content&#8221; width=&#8221;100%&#8221; sticky_enabled=&#8221;0&#8243;][et_pb_column type=&#8221;4_4&#8243; _builder_version=&#8221;4.22.1&#8243; _module_preset=&#8221;default&#8221; global_colors_info=&#8221;{}&#8221; theme_builder_area=&#8221;post_content&#8221;][et_pb_text _builder_version=&#8221;4.22.1&#8243; _module_preset=&#8221;default&#8221; custom_padding=&#8221;||0px|||&#8221; global_colors_info=&#8221;{}&#8221; theme_builder_area=&#8221;post_content&#8221;]<\/p>\n<h2><strong><br \/>\nGwagiwch eich tanc septig gyda gostyngiad i helpu amddiffyn ein hafonydd!<\/strong><\/h2>\n<p>Nid yw llawer o eiddo yng Ngorllewin Cymru wedi\u2019u cysylltu \u00e2\u2019r rhwydwaith carthffosydd cyhoeddus ac maent yn cael eu gwasanaethu gan systemau carthffosiaeth preifat megis tanciau septig, gweithfeydd trin carthion a ceubyllau. Gall y rhain achosi llygredd i gyrsiau d\u0175r os nad ydynt yn cael eu cynnal a chadw yn iawn, gan y gall unrhyw ollyngiadau achosi cynydd mewn lefelau ffosffad mewn afonydd. Mae ffosffad yn cynyddu twf planhigion fel alg\u00e2u, sy\u2019n \u2018tagu\u2019 wyneb yr afon ac yn lleihau\u2019r ocsigen sydd ar gael ar gyfer pysgod ac anifeiliaid dyfrol eraill. Y canlyniad yw lladd pysgod a gostyngiad mewn bioamrywiaeth ddyfrol.<\/p>\n<p><a href=\"https:\/\/corporate.dwrcymru.com\/en\/community\/environment\/river-water-quality\/sac-rivers\">Mae modelu diweddar<\/a>\u00a0yn dangos bod hyd at 8% o ffosfforws sy\u2019n cael ei ryddhau i\u2019n hafonydd yng Ngorllewin Cymru yn dod o ffynonellau gan gynnwys tanciau septig a d\u0175r ffo trefol. Er y gallai hyn fod yn ganran fach o\u2019i gymharu \u00e2 defnydd tir gwledig a charthffosiaeth o waith triniaeth a gorlifiadau stormydd, mae\u2019n un ffordd y gall perchennog cartref gael effaith uniongyrchol ar wella iechyd ein hafonydd.<\/p>\n<h3>Gostyngiadau i\u2019ch helpu chi a\u2019n hafonydd!<\/h3>\n<p>Mae\u2019r rhan fwyaf o danciau septig yn rai \u2018byw\u2019 a ddim ond yn perfformio cystal ag y c\u00e2nt eu trin. Mewn tanc septig iach, mae bacteria naturiol yn chwalu\u2019r gwastraff, ac os dilynir canllawiau mewnbwn, ni fydd unrhyw ardal llifo yn effeithio ar gyrsiau d\u0175r lleol. Mae hyn yn golygu dalgylch afon gl\u00e2n i chi ei fwynhau! Gallwch ein helpu i ofalu am afonydd Gorllewin Cymru drwy ddilyn y cyngor hwn:<\/p>\n<ol>\n<li>Sicrhewch fod eich system yn cael ei gwagio gan gludwr gwastraff cofrestredig yn rheolaidd i sicrhau nad yw\u2019n achosi llygredd.<\/li>\n<li>Cynnal a chadw eich system yn rheolaidd, datrys unrhyw ddiffygion neu broblemau ar unwaith.<\/li>\n<\/ol>\n<p>Fel rhan o\u2019n gwaith ar y Prosiect Lleihau a Lliniaru Ffosffad (PRAM), rydym ni yn Ymddiriedolaeth Afonydd Gorllewin Cymru wedi partneru \u00e2 chwmni lleol, <a href=\"https:\/\/www.dievanscyf.co.uk\/\">D.I. Evans Cyf<\/a>, i annog mwy o bobl i wasanaethu\u2019n rheolaidd a chynnal eu tanc septig trwy gynnig gostyngiad i unrhyw un sy\u2019n byw ochr yn ochr ag Afon Teifi a\u2019r ardaloedd cyfagos.<\/p>\n<p>[\/et_pb_text][et_pb_gallery gallery_ids=&#8221;1068&#8243; show_title_and_caption=&#8221;off&#8221; _builder_version=&#8221;4.22.1&#8243; _module_preset=&#8221;default&#8221; custom_margin=&#8221;7px||||false|false&#8221; global_colors_info=&#8221;{}&#8221; theme_builder_area=&#8221;post_content&#8221;][\/et_pb_gallery][et_pb_accordion _builder_version=&#8221;4.22.1&#8243; _module_preset=&#8221;default&#8221; global_colors_info=&#8221;{}&#8221; theme_builder_area=&#8221;post_content&#8221;][et_pb_accordion_item open=&#8221;on&#8221; _builder_version=&#8221;4.22.1&#8243; _module_preset=&#8221;default&#8221; global_colors_info=&#8221;{}&#8221; theme_builder_area=&#8221;post_content&#8221;]<\/p>\n<p><strong>Archebwch i wagio eich system trin carthion domestig gyda <\/strong><a href=\"https:\/\/www.dievanscyf.co.uk\/\"><strong>D.I. Evans Cyf<\/strong><\/a><strong> a chael \u00a310 i ffwrdd pan soniwch am Ymddiriedolaeth Afonydd Gorllewin Cymru!<\/strong><\/p>\n<p>Rydym yn chwilio am fwy o gwmn\u00efau i ymuno \u00e2 ni i wneud eu rhan i helpu ein hafonydd, felly cysylltwch \u00e2 ni os hoffech i\u2019ch cwmni gymryd rhan!<\/p>\n<p>[\/et_pb_accordion_item][\/et_pb_accordion][\/et_pb_column][\/et_pb_row][et_pb_row column_structure=&#8221;1_3,1_3,1_3&#8243; _builder_version=&#8221;4.22.1&#8243; _module_preset=&#8221;default&#8221; global_colors_info=&#8221;{}&#8221; theme_builder_area=&#8221;post_content&#8221;][et_pb_column type=&#8221;1_3&#8243; _builder_version=&#8221;4.22.1&#8243; _module_preset=&#8221;default&#8221; global_colors_info=&#8221;{}&#8221; theme_builder_area=&#8221;post_content&#8221;][et_pb_blurb title=&#8221;Tanc Septic&#8221; use_icon=&#8221;on&#8221; font_icon=&#8221;&#xf2fe;||fa||900&#8243; icon_color=&#8221;#057F98&#8243; _builder_version=&#8221;4.22.1&#8243; _module_preset=&#8221;default&#8221; text_orientation=&#8221;center&#8221; global_colors_info=&#8221;{}&#8221; theme_builder_area=&#8221;post_content&#8221;]<\/p>\n<p>Gwagio\u2019n flynyddol, er gall tai llai gyda un preswylwr ei wagio bob yn ail blwyddyn<\/p>\n<p>[\/et_pb_blurb][\/et_pb_column][et_pb_column type=&#8221;1_3&#8243; _builder_version=&#8221;4.22.1&#8243; _module_preset=&#8221;default&#8221; global_colors_info=&#8221;{}&#8221; theme_builder_area=&#8221;post_content&#8221;][et_pb_blurb title=&#8221;Ceubwll&#8221; use_icon=&#8221;on&#8221; font_icon=&#8221;&#xf2fe;||fa||900&#8243; icon_color=&#8221;#057F98&#8243; _builder_version=&#8221;4.22.1&#8243; _module_preset=&#8221;default&#8221; text_orientation=&#8221;center&#8221; locked=&#8221;off&#8221; global_colors_info=&#8221;{}&#8221; theme_builder_area=&#8221;post_content&#8221;]<\/p>\n<p>Gwagio dwywaith y flwyddyn, mwy os yn d\u0177 mawr<\/p>\n<p>[\/et_pb_blurb][\/et_pb_column][et_pb_column type=&#8221;1_3&#8243; _builder_version=&#8221;4.22.1&#8243; _module_preset=&#8221;default&#8221; global_colors_info=&#8221;{}&#8221; theme_builder_area=&#8221;post_content&#8221;][et_pb_blurb title=&#8221;Gwaith Pecyn&#8221; use_icon=&#8221;on&#8221; font_icon=&#8221;&#xf2fe;||fa||900&#8243; icon_color=&#8221;#057F98&#8243; _builder_version=&#8221;4.22.1&#8243; _module_preset=&#8221;default&#8221; text_orientation=&#8221;center&#8221; locked=&#8221;off&#8221; global_colors_info=&#8221;{}&#8221; theme_builder_area=&#8221;post_content&#8221;]<\/p>\n<p>Gwasanaeth blynyddol, a gwagio o leiaf bob dwy flynedd<\/p>\n<p>[\/et_pb_blurb][\/et_pb_column][\/et_pb_row][et_pb_row _builder_version=&#8221;4.27.0&#8243; _module_preset=&#8221;default&#8221; hover_enabled=&#8221;0&#8243; global_colors_info=&#8221;{}&#8221; theme_builder_area=&#8221;post_content&#8221; width=&#8221;100%&#8221; sticky_enabled=&#8221;0&#8243;][et_pb_column type=&#8221;4_4&#8243; _builder_version=&#8221;4.22.1&#8243; _module_preset=&#8221;default&#8221; global_colors_info=&#8221;{}&#8221; theme_builder_area=&#8221;post_content&#8221;][et_pb_text _builder_version=&#8221;4.22.1&#8243; _module_preset=&#8221;default&#8221; global_colors_info=&#8221;{}&#8221; theme_builder_area=&#8221;post_content&#8221;]<\/p>\n<h2>Gweld ac arogli<\/h2>\n<p>Os ydynt yn derbyn y gofal priodol, bydd eich system yn parhau i weithio\u2019n hapus am flynyddoedd. Ond sut mae dweud os oes rhywbeth o\u2019i le? Dyma ychydig o arwyddion a allai olygu nad yw eich system trin carthion yn gweithio fel y dylai fod:<\/p>\n<ol>\n<li><strong>Mae draeniau yn araf i\u2019w clirio neu mae\u2019r toiledau yn dod a dwr budr yn \u00f4l.<\/strong> Dyma\u2019r arwyddion mwyaf amlwg nad yw\u2019ch system yn gweithio yn gywir. Gallai fod bod pibellau wedi\u2019u rhwystro, mae\u2019r tanc yn llawn solidau neu mae\u2019r maes draenio wedi blocio.<\/li>\n<li><strong>Mae\u2019r tir uwchben y maes draenio neu\u2019r soakaway fel sbwng, neu mae llawer o lystyfiant a glaswellt yn tyfu. <\/strong>Mae hyn hefyd yn arwydd y gallai\u2019r maes draenio wedi blocio.<\/li>\n<li><strong>Hylif tywyll, drewllyd ar ddiwedd y bibell gollwng. <\/strong>Mae hylif clir yn arferol, mae unrhyw beth tywyll, drewllyd neu sy\u2019n cynnwys solidau yn golygu bod problem gyda\u2019ch system.<\/li>\n<\/ol>\n<p>&nbsp;<\/p>\n<p>Mae cymryd yr amser i wirio, cynnal aa chadw a gwagio\u2019ch system yn gallu arbed arian i chi yn y tymor hir, ac hefyd yn helpu i atal carthion rhag gollwng i\u2019n hamgylchedd naturiol. Mae hepgor gwaith cynnal a chadw rheolaidd yn gallu arwain at atgyweiriadau costus, neu hyd yn oed yn gorfod amnewid eich system yn gyfan gwbl. Os nad ydych yn si\u0175r pa mor dda mae\u2019ch system yn gweithio, yna gofynnwch i\u2019ch contractwr gwagio am gyngor \u2013 efallai y bydd yn gallu cynnal archwiliad iechyd system.<\/p>\n<p>&nbsp;<\/p>\n<h2>Canllawiau ychwanegol<\/h2>\n<ul>\n<li><a href=\"https:\/\/naturalresourceswales.gov.uk\/permits-and-permissions\/water-discharges-and-septic-tanks\/register-your-septic-tank-or-small-sewage-treatment-plant\/?lang=en\">Cofrestrwch eich tanc septig neu weithfa drin carthion bach (Cyfoeth Naturiol Cymru)<\/a><\/li>\n<li><a href=\"https:\/\/naturalresourceswales.gov.uk\/permits-and-permissions\/water-discharges-and-septic-tanks\/running-and-maintaining-a-septic-tank-or-small-sewage-plant\/?lang=en\">Rhedeg a chynnal tanc septig neu ffatri garthffosiaeth fechan (Cyfoeth Naturiol Cymru)<\/a><\/li>\n<li><a href=\"https:\/\/www.netregs.org.uk\/media\/1887\/guidance-for-pollution-prevention-4-2022-update.pdf\">Canllawiau ar Atal Llygredd: Trin a gwaredu d\u0175r gwastraff lle nad oes cysylltiad \u00e2\u2019r garthffos budr cyhoeddus<\/a><\/li>\n<li><a href=\"https:\/\/naturalresources.wales\/permits-and-permissions\/waste-carriers-brokers-and-dealers-public-register\/?lang=en\">Cofrestr gyhoeddus cludwyr, broceriaid a gwerthwyr gwastraff (Cyfoeth Naturiol Cymru)<\/a><\/li>\n<li><a href=\"https:\/\/cdn.ymaws.com\/www.britishwater.co.uk\/resource\/resmgr\/publications\/codes_of_practice\/flows_and_loads___bw_cop_18..pdf\">Cod Ymarfer: Llifoedd a Llwythi \u2013 Meini Prawf Maint, Gallu Triniaeth ar gyfer Systemau Trin Carthion (D\u0175r Prydain)<\/a><\/li>\n<li><a href=\"https:\/\/cdn.ymaws.com\/www.britishwater.co.uk\/resource\/resmgr\/publications\/codes_of_practice\/a_guide_for_users_of_package.pdf\">Canllaw i ddefnyddwyr gweithfeydd trin d\u0175r gwastraff wedi\u2019u pecynnu (British Water)<\/a><\/li>\n<\/ul>\n<p>[\/et_pb_text][\/et_pb_column][\/et_pb_row][\/et_pb_section]<\/p>\n","protected":false},"excerpt":{"rendered":"<p>Gwagiwch eich tanc septig gyda gostyngiad i helpu amddiffyn ein hafonydd! Nid yw llawer o eiddo yng Ngorllewin Cymru wedi\u2019u cysylltu \u00e2\u2019r rhwydwaith carthffosydd cyhoeddus ac maent yn cael eu [&hellip;]<\/p>\n","protected":false},"author":1,"featured_media":823,"parent":0,"menu_order":0,"comment_status":"closed","ping_status":"closed","template":"","meta":{"_acf_changed":false,"_et_pb_use_builder":"on","_et_pb_old_content":"","_et_gb_content_width":"","_price":"","_stock":"","_tribe_ticket_header":"","_tribe_default_ticket_provider":"","_tribe_ticket_capacity":"0","_ticket_start_date":"","_ticket_end_date":"","_tribe_ticket_show_description":"","_tribe_ticket_show_not_going":false,"_tribe_ticket_use_global_stock":"","_tribe_ticket_global_stock_level":"","_global_stock_mode":"","_global_stock_cap":"","_tribe_rsvp_for_event":"","_tribe_ticket_going_count":"","_tribe_ticket_not_going_count":"","_tribe_tickets_list":"[]","_tribe_ticket_has_attendee_info_fields":false,"footnotes":"","_tec_slr_enabled":"","_tec_slr_layout":""},"class_list":["post-1064","page","type-page","status-publish","has-post-thumbnail","hentry"],"acf":[],"ticketed":false,"_links":{"self":[{"href":"https:\/\/westwalesriverstrust.org\/cy\/wp-json\/wp\/v2\/pages\/1064","targetHints":{"allow":["GET"]}}],"collection":[{"href":"https:\/\/westwalesriverstrust.org\/cy\/wp-json\/wp\/v2\/pages"}],"about":[{"href":"https:\/\/westwalesriverstrust.org\/cy\/wp-json\/wp\/v2\/types\/page"}],"author":[{"embeddable":true,"href":"https:\/\/westwalesriverstrust.org\/cy\/wp-json\/wp\/v2\/users\/1"}],"replies":[{"embeddable":true,"href":"https:\/\/westwalesriverstrust.org\/cy\/wp-json\/wp\/v2\/comments?post=1064"}],"version-history":[{"count":5,"href":"https:\/\/westwalesriverstrust.org\/cy\/wp-json\/wp\/v2\/pages\/1064\/revisions"}],"predecessor-version":[{"id":2144,"href":"https:\/\/westwalesriverstrust.org\/cy\/wp-json\/wp\/v2\/pages\/1064\/revisions\/2144"}],"wp:featuredmedia":[{"embeddable":true,"href":"https:\/\/westwalesriverstrust.org\/cy\/wp-json\/wp\/v2\/media\/823"}],"wp:attachment":[{"href":"https:\/\/westwalesriverstrust.org\/cy\/wp-json\/wp\/v2\/media?parent=1064"}],"curies":[{"name":"wp","href":"https:\/\/api.w.org\/{rel}","templated":true}]}}